{"id":9399,"date":"2022-03-28T10:57:08","date_gmt":"2022-03-28T10:57:08","guid":{"rendered":"https:\/\/terragres.ro\/wip\/?page_id=9399"},"modified":"2023-10-19T09:20:47","modified_gmt":"2023-10-19T09:20:47","slug":"contact-2","status":"publish","type":"page","link":"https:\/\/terragres.ro\/en\/contact-2\/","title":{"rendered":"Contact"},"content":{"rendered":"<p>[vc_row disable_element=&#8221;yes&#8221; row_btt_skin=&#8221;light&#8221; row_background_text_position=&#8221;front&#8221;][vc_column]<div class=\"mkdf-google-map-holder\">\n\t\t<div class=\"mkdf-google-map\" id=\"mkdf-map-2392590\" data-addresses='[\"Strada Observatorului 90, Cluj-Napoca 400352\"]' data-custom-map-style=no data-color-overlay=#393939 data-saturation=-100 data-lightness=-60 data-zoom=12 data-pin=https:\/\/terragres.ro\/wp-content\/uploads\/2019\/01\/map_pin.png data-unique-id=2392590 data-scroll-wheel=no data-height=615px data-snazzy-map-style=yes><\/div>\n\t        \t\t<input type=\"hidden\" class=\"mkdf-snazzy-map\" value=\"`{` { ``featureType``: ``all``, ``elementType``: ``labels.text.fill``, ``stylers``: `{` { ``saturation``: 36 }, { ``color``: ``#8996b5`` }, { ``lightness``: 40 } `}` }, { ``featureType``: ``all``, ``elementType``: ``labels.text.stroke``, ``stylers``: `{` { ``visibility``: ``on`` }, { ``color``: ``#04070f`` }, { ``lightness``: 16 } `}` }, { ``featureType``: ``all``, ``elementType``: ``labels.icon``, ``stylers``: `{` { ``visibility``: ``off`` } `}` }, { ``featureType``: ``administrative``, ``elementType``: ``geometry.fill``, ``stylers``: `{` { ``color``: ``#04070f`` }, { ``lightness``: 20 } `}` }, { ``featureType``: ``administrative``, ``elementType``: ``geometry.stroke``, ``stylers``: `{` { ``color``: ``#04070f`` }, { ``lightness``: 17 }, { ``weight``: 1.2 } `}` }, { ``featureType``: ``administrative``, ``elementType``: ``labels``, ``stylers``: `{` { ``visibility``: ``off`` } `}` }, { ``featureType``: ``administrative.country``, ``elementType``: ``all``, ``stylers``: `{` { ``visibility``: ``simplified`` } `}` }, { ``featureType``: ``administrative.country``, ``elementType``: ``geometry``, ``stylers``: `{` { ``visibility``: ``simplified`` } `}` }, { ``featureType``: ``administrative.country``, ``elementType``: ``labels.text``, ``stylers``: `{` { ``visibility``: ``simplified`` } `}` }, { ``featureType``: ``administrative.province``, ``elementType``: ``all``, ``stylers``: `{` { ``visibility``: ``off`` } `}` }, { ``featureType``: ``administrative.locality``, ``elementType``: ``all``, ``stylers``: `{` { ``visibility``: ``simplified`` }, { ``saturation``: ``-100`` }, { ``lightness``: ``30`` } `}` }, { ``featureType``: ``administrative.neighborhood``, ``elementType``: ``all``, ``stylers``: `{` { ``visibility``: ``off`` } `}` }, { ``featureType``: ``administrative.land_parcel``, ``elementType``: ``all``, ``stylers``: `{` { ``visibility``: ``off`` } `}` }, { ``featureType``: ``landscape``, ``elementType``: ``all``, ``stylers``: `{` { ``visibility``: ``simplified`` }, { ``gamma``: ``0.00`` }, { ``lightness``: ``74`` } `}` }, { ``featureType``: ``landscape``, ``elementType``: ``geometry``, ``stylers``: `{` { ``color``: ``#04070f`` }, { ``lightness``: 20 } `}` }, { ``featureType``: ``landscape.man_made``, ``elementType``: ``all``, ``stylers``: `{` { ``lightness``: ``3`` } `}` }, { ``featureType``: ``poi``, ``elementType``: ``all``, ``stylers``: `{` { ``visibility``: ``off`` } `}` }, { ``featureType``: ``poi``, ``elementType``: ``geometry``, ``stylers``: `{` { ``color``: ``#04070f`` }, { ``lightness``: 21 } `}` }, { ``featureType``: ``road``, ``elementType``: ``geometry``, ``stylers``: `{` { ``visibility``: ``simplified`` } `}` }, { ``featureType``: ``road.highway``, ``elementType``: ``geometry.fill``, ``stylers``: `{` { ``color``: ``#04070f`` }, { ``lightness``: 17 } `}` }, { ``featureType``: ``road.highway``, ``elementType``: ``geometry.stroke``, ``stylers``: `{` { ``color``: ``#04070f`` }, { ``lightness``: 29 }, { ``weight``: 0.2 } `}` }, { ``featureType``: ``road.arterial``, ``elementType``: ``geometry``, ``stylers``: `{` { ``color``: ``#04070f`` }, { ``lightness``: 18 } `}` }, { ``featureType``: ``road.local``, ``elementType``: ``geometry``, ``stylers``: `{` { ``color``: ``#04070f`` }, { ``lightness``: 16 } `}` }, { ``featureType``: ``transit``, ``elementType``: ``geometry``, ``stylers``: `{` { ``color``: ``#04070f`` }, { ``lightness``: 19 } `}` }, { ``featureType``: ``water``, ``elementType``: ``geometry``, ``stylers``: `{` { ``color``: ``#04070f`` }, { ``lightness``: 17 } `}` } `}`\"\/>\n\t\t\t\t<div class=\"mkdf-google-map-overlay\"><\/div>\n\t<\/div>[\/vc_column][\/vc_row][vc_row row_btt_skin=&#8221;light&#8221; row_background_text_position=&#8221;front&#8221;][vc_column][\/vc_column][\/vc_row][vc_row row_btt_skin=&#8221;light&#8221; row_background_text_position=&#8221;front&#8221;][vc_column]<div class=\"mkdf-elements-holder   mkdf-two-columns  mkdf-responsive-mode-1024 \" ><div class=\"mkdf-eh-item    \"  data-item-class=\"mkdf-eh-custom-7615\" data-1367-1600=\"92px 160px 130px 93px\" data-1025-1366=\"92px 125px 130px 126px\" data-769-1024=\"92px 136px 130px 137px\" data-681-768=\"92px 65px 130px 66px\" data-680=\"92px 28px 130px 28px\">\n\t<div class=\"mkdf-eh-item-inner\">\n\t\t<div class=\"mkdf-eh-item-content mkdf-eh-custom-7615\" style=\"padding: 92px 115px 130px 310px\">\n\t\t\t\n<div class=\"wpcf7 no-js\" id=\"wpcf7-f9363-o1\" lang=\"en-US\" dir=\"ltr\" data-wpcf7-id=\"9363\">\n<div class=\"screen-reader-response\"><p role=\"status\" aria-live=\"polite\" aria-atomic=\"true\"><\/p> <ul><\/ul><\/div>\n<form action=\"\/en\/wp-json\/wp\/v2\/pages\/9399#wpcf7-f9363-o1\" method=\"post\" class=\"wpcf7-form init cf7_custom_style_1\" aria-label=\"Contact form\" novalidate=\"novalidate\" data-status=\"init\">\n<fieldset class=\"hidden-fields-container\"><input type=\"hidden\" name=\"_wpcf7\" value=\"9363\" \/><input type=\"hidden\" name=\"_wpcf7_version\" value=\"6.1\" \/><input type=\"hidden\" name=\"_wpcf7_locale\" value=\"en_US\" \/><input type=\"hidden\" name=\"_wpcf7_unit_tag\" value=\"wpcf7-f9363-o1\" \/><input type=\"hidden\" name=\"_wpcf7_container_post\" value=\"0\" \/><input type=\"hidden\" name=\"_wpcf7_posted_data_hash\" value=\"\" \/>\n<\/fieldset>\n<p><label> Your name<br \/>\n<span class=\"wpcf7-form-control-wrap\" data-name=\"your-name\"><input size=\"40\" maxlength=\"400\" class=\"wpcf7-form-control wpcf7-text wpcf7-validates-as-required\" aria-required=\"true\" aria-invalid=\"false\" value=\"\" type=\"text\" name=\"your-name\" \/><\/span> <\/label>\n<\/p>\n<p><label> Your e-mail address<br \/>\n<span class=\"wpcf7-form-control-wrap\" data-name=\"your-email\"><input size=\"40\" maxlength=\"400\" class=\"wpcf7-form-control wpcf7-email wpcf7-validates-as-required wpcf7-text wpcf7-validates-as-email\" aria-required=\"true\" aria-invalid=\"false\" value=\"\" type=\"email\" name=\"your-email\" \/><\/span> <\/label>\n<\/p>\n<p><label> Subject<br \/>\n<span class=\"wpcf7-form-control-wrap\" data-name=\"your-subject\"><input size=\"40\" maxlength=\"400\" class=\"wpcf7-form-control wpcf7-text wpcf7-validates-as-required\" aria-required=\"true\" aria-invalid=\"false\" value=\"\" type=\"text\" name=\"your-subject\" \/><\/span> <\/label>\n<\/p>\n<p><label> Your message<br \/>\n<span class=\"wpcf7-form-control-wrap\" data-name=\"your-message\"><textarea cols=\"40\" rows=\"10\" maxlength=\"2000\" class=\"wpcf7-form-control wpcf7-textarea\" aria-invalid=\"false\" name=\"your-message\"><\/textarea><\/span> <\/label><br \/>\n<label><span class=\"wpcf7-form-control-wrap\" data-name=\"accept-this\"><span class=\"wpcf7-form-control wpcf7-acceptance\"><span class=\"wpcf7-list-item\"><label><input type=\"checkbox\" name=\"accept-this\" value=\"1\" aria-invalid=\"false\" \/><span class=\"wpcf7-list-item-label\">I agree to the <a href=\"https:\/\/terragres.ro\/protectia-datelor\/\">processing of my personal data<\/a> by Terra Gres.<\/span><\/label><\/span><\/span><\/span><\/label>\n<\/p>\n<p><button class=\"wpcf7-form-control wpcf7-submit mkdf-btn mkdf-btn-medium mkdf-btn-solid\" type=\"submit\"><span class=\"mkdf-btn-text\">Send<\/span><\/button>\n<\/p><div class=\"wpcf7-response-output\" aria-hidden=\"true\"><\/div>\n<\/form>\n<\/div>\n\t\t<\/div>\n\t<\/div>\n<\/div><div class=\"mkdf-eh-item    \" style=\"background-color: #00235a\" data-item-class=\"mkdf-eh-custom-6533\" data-1367-1600=\"0px 250px 100px 107px\" data-1025-1366=\"0px 210px 100px 107px\" data-769-1024=\"120px 570px 130px 137px\" data-681-768=\"120px 380px 130px 65px\" data-680=\"120px 70px 130px 27px\">\n\t<div class=\"mkdf-eh-item-inner\">\n\t\t<div class=\"mkdf-eh-item-content mkdf-eh-custom-6533\" style=\"padding: 0px 470px 100px 113px\">\n\t\t\t<div class=\"mkdf-section-title-holder hide mkdf-st-standard mkdf-st-title-left mkdf-st-normal-space \" >\n\t<div class=\"mkdf-st-inner\">\n                    <h6 class=\"mkdf-st-intro-title\" style=\"color: #ffffff\">\n                Execut\u0103m lucr\u0103ri oriunde \u00een \u021bar\u0103            <\/h6>\n        \t\t\t\t\t<h2 class=\"mkdf-st-title\" style=\"color: #ffffff\">\n\t\t\t\tIa leg\u0103tura cu noi!\t\t\t<\/h2>\n\t\t\t\t\t<\/div>\n<\/div>[vc_column_text]<span style=\"color: #ffffff;\">VIA Office Building, Street Colinei, No. 2, 3rd floor<\/span><br \/>\n<span style=\"color: #ffffff;\">400520 Cluj-Napoca<\/span><br \/>\n<span style=\"color: #ffffff;\">Cluj, Romania<\/span>[\/vc_column_text][vc_empty_space][vc_column_text]<\/p>\n<p style=\"margin-bottom: -4px;\"><span style=\"color: #ffffff;\">Email: <\/span><a class=\"mkdf-white-hover\" href=\"mailto:office@terragres.ro\">office@terragres.ro<\/a><\/p>\n<p>[\/vc_column_text][vc_column_text]<\/p>\n<p style=\"max-width: 220px;\"><span style=\"color: #ffffff;\">Phone<\/span>: <a class=\"mkdf-white-hover\" href=\"tel:+40754087602\">+40 754 087 602<\/a>\/ <a class=\"mkdf-white-hover\" style=\"margin-left: 64px;\" href=\"tel:+40755110102\">+40 755 110 102<\/a><\/p>\n<p>[\/vc_column_text][vc_column_text]<\/p>\n<p style=\"margin-top: 5px;\"><span style=\"color: #ffffff;\">Fax: <\/span><a class=\"mkdf-white-hover\" href=\"http:\/\/+40%20374%20096%20444\">+40 374 096 444<\/a><\/p>\n<p>[\/vc_column_text][vc_empty_space height=&#8221;18px&#8221;][vc_column_text]<\/p>\n<h4><a style=\"color: #ffffff;\">Follow us here:<\/a><\/h4>\n<p>[\/vc_column_text]    <span class=\"mkdf-icon-shortcode mkdf-normal   \" style=\"margin: 14px 0px 0px -3px\" data-hover-color=\"#f0575b\" data-color=\"#ffffff\">\n                    <a itemprop=\"url\" class=\"\" href=\"https:\/\/www.facebook.com\/terragres\" target=\"_blank\">\n                    <span aria-hidden=\"true\" class=\"mkdf-icon-font-elegant social_facebook mkdf-icon-element\" style=\"color: #ffffff\" ><\/span>                    <\/a>\n            <\/span>\n    <span class=\"mkdf-icon-shortcode mkdf-normal   \" style=\"margin: 14px 0 0 0\" data-hover-color=\"#f0575b\" data-color=\"#ffffff\">\n                    <a itemprop=\"url\" class=\"\" href=\"https:\/\/www.linkedin.com\/company\/terra-gres\" target=\"_blank\">\n                    <span aria-hidden=\"true\" class=\"mkdf-icon-font-elegant social_linkedin mkdf-icon-element\" style=\"color: #ffffff\" ><\/span>                    <\/a>\n            <\/span>\n\t\t<\/div>\n\t<\/div>\n<\/div><\/div>[\/vc_column][\/vc_row]<\/p>\n","protected":false},"excerpt":{"rendered":"<p>[vc_row disable_element=&#8221;yes&#8221; row_btt_skin=&#8221;light&#8221; row_background_text_position=&#8221;front&#8221;][vc_column][\/vc_column][\/vc_row][vc_row row_btt_skin=&#8221;light&#8221; row_background_text_position=&#8221;front&#8221;][vc_column][\/vc_column][\/vc_row][vc_row row_btt_skin=&#8221;light&#8221; row_background_text_position=&#8221;front&#8221;][vc_column][\/vc_column][\/vc_row]<\/p>\n","protected":false},"author":2,"featured_media":0,"parent":0,"menu_order":0,"comment_status":"closed","ping_status":"closed","template":"full-width.php","meta":{"footnotes":""},"class_list":["post-9399","page","type-page","status-publish","hentry"],"yoast_head":"<!-- This site is optimized with the Yoast SEO plugin v25.5 - https:\/\/yoast.com\/wordpress\/plugins\/seo\/ -->\n<title>Contact - Terra Gres<\/title>\n<meta name=\"description\" content=\"Do you need our services? Contact us! Send us a message.\" \/>\n<meta name=\"robots\" content=\"index, follow, max-snippet:-1, max-image-preview:large, max-video-preview:-1\" \/>\n<link rel=\"canonical\" href=\"https:\/\/terragres.ro\/en\/contact-2\/\" \/>\n<meta property=\"og:locale\" content=\"en_US\" \/>\n<meta property=\"og:type\" content=\"article\" \/>\n<meta property=\"og:title\" content=\"Contact - Terra Gres\" \/>\n<meta property=\"og:description\" content=\"Get in touch! Send us a message.\" \/>\n<meta property=\"og:url\" content=\"https:\/\/terragres.ro\/en\/contact-2\/\" \/>\n<meta property=\"og:site_name\" content=\"Terra Gres\" \/>\n<meta property=\"article:modified_time\" content=\"2023-10-19T09:20:47+00:00\" \/>\n<meta name=\"twitter:card\" content=\"summary_large_image\" \/>\n<meta name=\"twitter:label1\" content=\"Est. reading time\" \/>\n\t<meta name=\"twitter:data1\" content=\"4 minutes\" \/>\n<script type=\"application\/ld+json\" class=\"yoast-schema-graph\">{\"@context\":\"https:\/\/schema.org\",\"@graph\":[{\"@type\":\"WebPage\",\"@id\":\"https:\/\/terragres.ro\/en\/contact-2\/\",\"url\":\"https:\/\/terragres.ro\/en\/contact-2\/\",\"name\":\"Contact - Terra Gres\",\"isPartOf\":{\"@id\":\"https:\/\/terragres.ro\/#website\"},\"datePublished\":\"2022-03-28T10:57:08+00:00\",\"dateModified\":\"2023-10-19T09:20:47+00:00\",\"description\":\"Do you need our services? Contact us! Send us a message.\",\"breadcrumb\":{\"@id\":\"https:\/\/terragres.ro\/en\/contact-2\/#breadcrumb\"},\"inLanguage\":\"en-US\",\"potentialAction\":[{\"@type\":\"ReadAction\",\"target\":[\"https:\/\/terragres.ro\/en\/contact-2\/\"]}]},{\"@type\":\"BreadcrumbList\",\"@id\":\"https:\/\/terragres.ro\/en\/contact-2\/#breadcrumb\",\"itemListElement\":[{\"@type\":\"ListItem\",\"position\":1,\"name\":\"Prima pagin\u0103\",\"item\":\"https:\/\/terragres.ro\/en\/\"},{\"@type\":\"ListItem\",\"position\":2,\"name\":\"Contact\"}]},{\"@type\":\"WebSite\",\"@id\":\"https:\/\/terragres.ro\/#website\",\"url\":\"https:\/\/terragres.ro\/\",\"name\":\"Terra Gres\",\"description\":\"Terra Gres\",\"publisher\":{\"@id\":\"https:\/\/terragres.ro\/#organization\"},\"potentialAction\":[{\"@type\":\"SearchAction\",\"target\":{\"@type\":\"EntryPoint\",\"urlTemplate\":\"https:\/\/terragres.ro\/?s={search_term_string}\"},\"query-input\":{\"@type\":\"PropertyValueSpecification\",\"valueRequired\":true,\"valueName\":\"search_term_string\"}}],\"inLanguage\":\"en-US\"},{\"@type\":\"Organization\",\"@id\":\"https:\/\/terragres.ro\/#organization\",\"name\":\"Terra Gres\",\"url\":\"https:\/\/terragres.ro\/\",\"logo\":{\"@type\":\"ImageObject\",\"inLanguage\":\"en-US\",\"@id\":\"https:\/\/terragres.ro\/#\/schema\/logo\/image\/\",\"url\":\"https:\/\/terragres.ro\/wp-content\/uploads\/2021\/12\/logo_terragres.png\",\"contentUrl\":\"https:\/\/terragres.ro\/wp-content\/uploads\/2021\/12\/logo_terragres.png\",\"width\":450,\"height\":113,\"caption\":\"Terra Gres\"},\"image\":{\"@id\":\"https:\/\/terragres.ro\/#\/schema\/logo\/image\/\"}}]}<\/script>\n<!-- \/ Yoast SEO plugin. -->","yoast_head_json":{"title":"Contact - Terra Gres","description":"Do you need our services? Contact us! Send us a message.","robots":{"index":"index","follow":"follow","max-snippet":"max-snippet:-1","max-image-preview":"max-image-preview:large","max-video-preview":"max-video-preview:-1"},"canonical":"https:\/\/terragres.ro\/en\/contact-2\/","og_locale":"en_US","og_type":"article","og_title":"Contact - Terra Gres","og_description":"Get in touch! Send us a message.","og_url":"https:\/\/terragres.ro\/en\/contact-2\/","og_site_name":"Terra Gres","article_modified_time":"2023-10-19T09:20:47+00:00","twitter_card":"summary_large_image","twitter_misc":{"Est. reading time":"4 minutes"},"schema":{"@context":"https:\/\/schema.org","@graph":[{"@type":"WebPage","@id":"https:\/\/terragres.ro\/en\/contact-2\/","url":"https:\/\/terragres.ro\/en\/contact-2\/","name":"Contact - Terra Gres","isPartOf":{"@id":"https:\/\/terragres.ro\/#website"},"datePublished":"2022-03-28T10:57:08+00:00","dateModified":"2023-10-19T09:20:47+00:00","description":"Do you need our services? Contact us! Send us a message.","breadcrumb":{"@id":"https:\/\/terragres.ro\/en\/contact-2\/#breadcrumb"},"inLanguage":"en-US","potentialAction":[{"@type":"ReadAction","target":["https:\/\/terragres.ro\/en\/contact-2\/"]}]},{"@type":"BreadcrumbList","@id":"https:\/\/terragres.ro\/en\/contact-2\/#breadcrumb","itemListElement":[{"@type":"ListItem","position":1,"name":"Prima pagin\u0103","item":"https:\/\/terragres.ro\/en\/"},{"@type":"ListItem","position":2,"name":"Contact"}]},{"@type":"WebSite","@id":"https:\/\/terragres.ro\/#website","url":"https:\/\/terragres.ro\/","name":"Terra Gres","description":"Terra Gres","publisher":{"@id":"https:\/\/terragres.ro\/#organization"},"potentialAction":[{"@type":"SearchAction","target":{"@type":"EntryPoint","urlTemplate":"https:\/\/terragres.ro\/?s={search_term_string}"},"query-input":{"@type":"PropertyValueSpecification","valueRequired":true,"valueName":"search_term_string"}}],"inLanguage":"en-US"},{"@type":"Organization","@id":"https:\/\/terragres.ro\/#organization","name":"Terra Gres","url":"https:\/\/terragres.ro\/","logo":{"@type":"ImageObject","inLanguage":"en-US","@id":"https:\/\/terragres.ro\/#\/schema\/logo\/image\/","url":"https:\/\/terragres.ro\/wp-content\/uploads\/2021\/12\/logo_terragres.png","contentUrl":"https:\/\/terragres.ro\/wp-content\/uploads\/2021\/12\/logo_terragres.png","width":450,"height":113,"caption":"Terra Gres"},"image":{"@id":"https:\/\/terragres.ro\/#\/schema\/logo\/image\/"}}]}},"_links":{"self":[{"href":"https:\/\/terragres.ro\/en\/wp-json\/wp\/v2\/pages\/9399","targetHints":{"allow":["GET"]}}],"collection":[{"href":"https:\/\/terragres.ro\/en\/wp-json\/wp\/v2\/pages"}],"about":[{"href":"https:\/\/terragres.ro\/en\/wp-json\/wp\/v2\/types\/page"}],"author":[{"embeddable":true,"href":"https:\/\/terragres.ro\/en\/wp-json\/wp\/v2\/users\/2"}],"replies":[{"embeddable":true,"href":"https:\/\/terragres.ro\/en\/wp-json\/wp\/v2\/comments?post=9399"}],"version-history":[{"count":23,"href":"https:\/\/terragres.ro\/en\/wp-json\/wp\/v2\/pages\/9399\/revisions"}],"predecessor-version":[{"id":9845,"href":"https:\/\/terragres.ro\/en\/wp-json\/wp\/v2\/pages\/9399\/revisions\/9845"}],"wp:attachment":[{"href":"https:\/\/terragres.ro\/en\/wp-json\/wp\/v2\/media?parent=9399"}],"curies":[{"name":"wp","href":"https:\/\/api.w.org\/{rel}","templated":true}]}}